{"id":2,"date":"2022-06-19T12:02:26","date_gmt":"2022-06-19T10:02:26","guid":{"rendered":"https:\/\/docs.noblogs.org\/?page_id=2"},"modified":"2022-06-27T13:15:03","modified_gmt":"2022-06-27T11:15:03","slug":"eventi-squat","status":"publish","type":"page","link":"https:\/\/docs.noblogs.org\/en-US\/eventi-squat\/","title":{"rendered":"EVENTI squat.net"},"content":{"rendered":"\n<div class=\"widget squat-radar-widget\"><h3 class=\"widget-title\">Radar Squat.net &#8211; International callout<\/h3><div class=\"squat-radar radar-event radar-event-confirmed\"> <h3 class=\"squat-radar-title\"><a href=\"https:\/\/radar.squat.net\/en\/event\/kaunas\/socialinis-centras-emma\/2026-02-09\/emma-moving-out-and-needs-your-help?language=en\" class=\"squat-radar-url squat-radar-url-title\">Emma is MOVING OUT and NEEDS YOUR HELP!<\/a><\/h3> <span class=\"squat-radar-event-start\"><span class=\"squat-radar-datetime squat-radar-datetime-start\"><span class=\"squat-radar-date\">9 Feb 2026<\/span> <span class=\"squat-radar-time\">20:00<\/span><\/span><\/span> <span class=\"squat-radar-body-summary\">Social center Emma is MOVING OUT and we need YOUR help! Please consider donating! Emma is the only community space of its kind in Kaunas (and one out of only&hellip;<\/span> <ul class=\"squat-radar-category squat-radar-list\"><li class=\"squat-radar-item-category\">work space\/diy<\/li><\/ul> <ul class=\"squat-radar-topic squat-radar-list\"><\/ul> <span class=\"squat-radar-location squat-radar-location-address\"><span class=\"squat-radar-location-name_line\">Socialinis Centras Emma<\/span>, <span class=\"squat-radar-location-thoroughfare\">A. Mickevi\u010diaus Gatv\u0117 35 2 Auk\u0161tas<\/span>, <span class=\"squat-radar-location-locality\">Kaunas<\/span>, <span class=\"squat-radar-location-postal_code\">44245<\/span>, <span class=\"squat-radar-location-country\">LT<\/span><\/span> <span class=\"squat-radar-location squat-radar-location-map-link\"><a href=\"https:\/\/www.openstreetmap.org\/?mlat=54.898756973304&mlon=23.917450224689#map=14\/54.898756973304\/23.917450224689\" target=\"_blank\">[Map]<\/a><\/span> <img decoding=\"async\" src=\"\" class=\"squat-radar-image\" \\> <a href=\"https:\/\/radar.squat.net\/en\/event\/kaunas\/socialinis-centras-emma\/2026-02-09\/emma-moving-out-and-needs-your-help?language=en\" class=\"squat-radar-url squat-radar-url-more\">more\u2026<\/a> <\/div><div class=\"squat-radar radar-event radar-event-confirmed\"> <h3 class=\"squat-radar-title\"><a href=\"https:\/\/radar.squat.net\/en\/event\/lumeville-en-ornois\/les-bure-cuire\/2026-04-16\/dark-spring-air-area-weekend-la-gare-april-16-19?language=en\" class=\"squat-radar-url squat-radar-url-title\">Like a dark spring air in the area \u2013 Weekend at La Gare from April 16 to 19, 2026<\/a><\/h3> <span class=\"squat-radar-event-start\"><span class=\"squat-radar-datetime squat-radar-datetime-start\"><span class=\"squat-radar-date\">16 Apr 2026<\/span> <span class=\"squat-radar-time\">12:00<\/span><\/span><\/span> <span class=\"squat-radar-body-summary\">Since Monday, March 23, La Gare is evictable !We have made it clear, on several occasions in the past, that we did not intend to leave this place of our&hellip;<\/span> <ul class=\"squat-radar-category squat-radar-list\"><li class=\"squat-radar-item-category\">action\/protest\/camp<\/li><\/ul> <ul class=\"squat-radar-topic squat-radar-list\"><\/ul> <span class=\"squat-radar-location squat-radar-location-address\"><span class=\"squat-radar-location-name_line\">Ancienne gare de Lum\u00e9ville-en-Ornois<\/span>, <span class=\"squat-radar-location-locality\">Lum\u00e9ville-en-Ornois<\/span>, <span class=\"squat-radar-location-postal_code\">55130<\/span>, <span class=\"squat-radar-location-country\">FR<\/span><\/span> <span class=\"squat-radar-location squat-radar-location-map-link\"><a href=\"https:\/\/www.openstreetmap.org\/?mlat=48.471919046307&mlon=5.415957279089#map=14\/48.471919046307\/5.415957279089\" target=\"_blank\">[Map]<\/a><\/span> <img decoding=\"async\" src=\"https:\/\/radar.squat.net\/sites\/default\/files\/2_6.png\" class=\"squat-radar-image\" \\> <a href=\"https:\/\/radar.squat.net\/en\/event\/lumeville-en-ornois\/les-bure-cuire\/2026-04-16\/dark-spring-air-area-weekend-la-gare-april-16-19?language=en\" class=\"squat-radar-url squat-radar-url-more\">more\u2026<\/a> <\/div><div class=\"squat-radar radar-event radar-event-confirmed\"> <h3 class=\"squat-radar-title\"><a href=\"https:\/\/radar.squat.net\/en\/event\/amsterdam\/lag\/2026-05-08\/reticulum-community-videocall-no4-may?language=en\" class=\"squat-radar-url squat-radar-url-title\">Reticulum Community Videocall No.4 May<\/a><\/h3> <span class=\"squat-radar-event-start\"><span class=\"squat-radar-datetime squat-radar-datetime-start\"><span class=\"squat-radar-date\">8 May 2026<\/span> <span class=\"squat-radar-time\">18:00<\/span><\/span><\/span> <span class=\"squat-radar-body-summary\">The fourth Reticulum Community Videocall to connect local communities building autonomous networks using the versatile networking stack and its\u00a0rapidly expanding\u00a0ecosystem of\u00a0software and hardware. The featured community\u00a0this month\u00a0is in Montr\u00e9al,\u00a0Qu\u00e9bec. We&hellip;<\/span> <ul class=\"squat-radar-category squat-radar-list\"><li class=\"squat-radar-item-category\">advice\/help\/office hours<\/li><\/ul> <ul class=\"squat-radar-topic squat-radar-list\"><\/ul> <span class=\"squat-radar-location squat-radar-location-address\"><span class=\"squat-radar-location-name_line\">LAG<\/span>, <span class=\"squat-radar-location-thoroughfare\">Eerste Schinkelstraat 14-16<\/span>, <span class=\"squat-radar-location-locality\">Amsterdam<\/span>, <span class=\"squat-radar-location-postal_code\">1075TX<\/span>, <span class=\"squat-radar-location-country\">NL<\/span><\/span> <span class=\"squat-radar-location squat-radar-location-map-link\"><a href=\"https:\/\/www.openstreetmap.org\/?mlat=52.354064380978&mlon=4.854300329664#map=14\/52.354064380978\/4.854300329664\" target=\"_blank\">[Map]<\/a><\/span> <img decoding=\"async\" src=\"https:\/\/radar.squat.net\/sites\/default\/files\/flyer_min.png\" class=\"squat-radar-image\" \\> <a href=\"https:\/\/radar.squat.net\/en\/event\/amsterdam\/lag\/2026-05-08\/reticulum-community-videocall-no4-may?language=en\" class=\"squat-radar-url squat-radar-url-more\">more\u2026<\/a> <\/div><div class=\"squat-radar radar-event radar-event-confirmed\"> <h3 class=\"squat-radar-title\"><a href=\"https:\/\/radar.squat.net\/en\/event\/3rd-Baltic-Anarchist-Bookfair?language=en\" class=\"squat-radar-url squat-radar-url-title\">3rd Baltic Anarchist Bookfair<\/a><\/h3> <span class=\"squat-radar-event-start\"><span class=\"squat-radar-datetime squat-radar-datetime-start\"><span class=\"squat-radar-date\">29 May 2026<\/span> <span class=\"squat-radar-time\">12:00<\/span><\/span><\/span> <span class=\"squat-radar-body-summary\">We announce our 3rd Anarchist Bookfair, this year happening in Tartu, Estonia, 29th-31st May 2026!We are going to continue the tradition of Anarchist Bookfairs. We invite all the Anarchist\/Libertarian and&hellip;<\/span> <ul class=\"squat-radar-category squat-radar-list\"><li class=\"squat-radar-item-category\">course\/workshop<\/li><li class=\"squat-radar-item-category\">discussion\/presentation<\/li><li class=\"squat-radar-item-category\">food<\/li><li class=\"squat-radar-item-category\">(free) shop\/market<\/li><li class=\"squat-radar-item-category\">meeting<\/li><li class=\"squat-radar-item-category\">music\/concert<\/li><li class=\"squat-radar-item-category\">party<\/li><\/ul> <ul class=\"squat-radar-topic squat-radar-list\"><\/ul> <span class=\"squat-radar-location squat-radar-location-address\"><span class=\"squat-radar-location-name_line\">Ajuokse Avangaar<\/span>, <span class=\"squat-radar-location-thoroughfare\">Kastani 42, Aparaaditehas<\/span>, <span class=\"squat-radar-location-locality\">Tartu<\/span>, <span class=\"squat-radar-location-postal_code\">50410<\/span>, <span class=\"squat-radar-location-country\">EE<\/span><\/span> <span class=\"squat-radar-location squat-radar-location-map-link\"><a href=\"https:\/\/www.openstreetmap.org\/?mlat=58.370616556082&mlon=26.715949323720#map=14\/58.370616556082\/26.715949323720\" target=\"_blank\">[Map]<\/a><\/span> <img decoding=\"async\" src=\"https:\/\/radar.squat.net\/sites\/default\/files\/2026_baltic_anarchist_bookfair.jpg\" class=\"squat-radar-image\" \\> <a href=\"https:\/\/radar.squat.net\/en\/event\/3rd-Baltic-Anarchist-Bookfair?language=en\" class=\"squat-radar-url squat-radar-url-more\">more\u2026<\/a> <\/div><div class=\"squat-radar radar-event radar-event-confirmed\"> <h3 class=\"squat-radar-title\"><a href=\"https:\/\/radar.squat.net\/en\/bab2026?language=en\" class=\"squat-radar-url squat-radar-url-title\">Balkan Anarchist Bookfair 2026<\/a><\/h3> <span class=\"squat-radar-event-start\"><span class=\"squat-radar-datetime squat-radar-datetime-start\"><span class=\"squat-radar-date\">24 Sep 2026<\/span> <span class=\"squat-radar-time\">00:00<\/span><\/span><\/span> <span class=\"squat-radar-body-summary\">Call for Participation on the Balkan Anarchist Bookfair 2026\u00a0 Skopje, 24\u201327 September \u00a0 To invite comrades, collectives, publishers and initiatives to the Balkan Anarchist Bookfair 2026, taking place in Skopje&hellip;<\/span> <ul class=\"squat-radar-category squat-radar-list\"><li class=\"squat-radar-item-category\">book shop\/info shop\/library<\/li><li class=\"squat-radar-item-category\">discussion\/presentation<\/li><li class=\"squat-radar-item-category\">meeting<\/li><\/ul> <ul class=\"squat-radar-topic squat-radar-list\"><\/ul> <span class=\"squat-radar-location squat-radar-location-address\"><span class=\"squat-radar-location-locality\">Skopje<\/span>, <span class=\"squat-radar-location-country\">MK<\/span><\/span> <span class=\"squat-radar-location squat-radar-location-map-link\"><a href=\"https:\/\/www.openstreetmap.org\/?mlat=41.996181600000&mlon=21.431921300000#map=14\/41.996181600000\/21.431921300000\" target=\"_blank\">[Map]<\/a><\/span> <img decoding=\"async\" src=\"https:\/\/radar.squat.net\/sites\/default\/files\/bab2026.jpg\" class=\"squat-radar-image\" \\> <a href=\"https:\/\/radar.squat.net\/en\/bab2026?language=en\" class=\"squat-radar-url squat-radar-url-more\">more\u2026<\/a> <\/div><\/div>\n","protected":false},"excerpt":{"rendered":"","protected":false},"author":13862,"featured_media":0,"parent":0,"menu_order":0,"comment_status":"closed","ping_status":"open","template":"","meta":{"_locale":"en_US","_original_post":"https:\/\/docs.noblogs.org\/?page_id=2","footnotes":""},"class_list":["post-2","page","type-page","status-publish","hentry","en-US"],"_links":{"self":[{"href":"https:\/\/docs.noblogs.org\/wp-json\/wp\/v2\/pages\/2","targetHints":{"allow":["GET"]}}],"collection":[{"href":"https:\/\/docs.noblogs.org\/wp-json\/wp\/v2\/pages"}],"about":[{"href":"https:\/\/docs.noblogs.org\/wp-json\/wp\/v2\/types\/page"}],"author":[{"embeddable":true,"href":"https:\/\/docs.noblogs.org\/wp-json\/wp\/v2\/users\/13862"}],"replies":[{"embeddable":true,"href":"https:\/\/docs.noblogs.org\/wp-json\/wp\/v2\/comments?post=2"}],"version-history":[{"count":4,"href":"https:\/\/docs.noblogs.org\/wp-json\/wp\/v2\/pages\/2\/revisions"}],"predecessor-version":[{"id":387,"href":"https:\/\/docs.noblogs.org\/wp-json\/wp\/v2\/pages\/2\/revisions\/387"}],"wp:attachment":[{"href":"https:\/\/docs.noblogs.org\/wp-json\/wp\/v2\/media?parent=2"}],"curies":[{"name":"wp","href":"https:\/\/api.w.org\/{rel}","templated":true}]}}